{"id":503,"date":"2025-03-12T15:02:55","date_gmt":"2025-03-12T14:02:55","guid":{"rendered":"https:\/\/tu-was-hamburg.de\/?page_id=503"},"modified":"2025-10-24T01:03:35","modified_gmt":"2025-10-23T23:03:35","slug":"kinder-und-jugendhilfegipfel-ii-4-4-25","status":"publish","type":"page","link":"https:\/\/www.tu-was-hamburg.de\/?page_id=503","title":{"rendered":"Kinder- und Jugendhilfegipfel II (4.4.25)"},"content":{"rendered":"<h2><strong>Dokumentation<\/strong><\/h2>\n<h3><strong>Aufzeichnungen<\/strong><\/h3>\n<p><strong>Er\u00f6ffnung des Tu was, Hamburg!-Kinder- und Jugendhilfegipfels<\/strong> am 4.4.2025 durch <em>Fabienne von Hohenthal<\/em> und <em>Sinah Mielich<\/em>:<\/p>\n<p><div class=\"ose-youtube ose-uid-20d340d5cb2762636272ce03b6729394 ose-embedpress-responsive\" style=\"width:600px; height:550px; max-height:550px; max-width:100%; display:inline-block;\" data-embed-type=\"Youtube\"><iframe loading=\"lazy\" allowFullScreen=\"true\" title=\"Er\u00f6ffnung: Tu was, Hamburg!-Kinder- und Jugendhilfegipfel (4.4.2025)\" width=\"600\" height=\"550\" src=\"https:\/\/www.youtube.com\/embed\/FY0YG2Hj7yk?feature=oembed&color=red&rel=0&controls=1&start=&end=&fs=0&iv_load_policy=0&autoplay=0&mute=0&modestbranding=0&cc_load_policy=1&playsinline=1\" frameborder=\"0\" allow=\"accelerometer; encrypted-media;accelerometer;autoplay;clipboard-write;gyroscope;picture-in-picture clipboard-write; encrypted-media; gyroscope; picture-in-picture; web-share\" referrerpolicy=\"strict-origin-when-cross-origin\" allowfullscreen><\/iframe><\/div><\/p>\n<p>Input von <em>Prof. Dr. Michael Klundt<\/em> (Hochschule Magdeburg-Stendal) zum Thema <strong>&#8222;Die Versch\u00e4rfung der sozialen Ungleichheit und Auswirkungen auf das Aufwachsen von Kindern und Jugendlichen&#8220;<\/strong> (Moderation: <em>Matthias Stein<\/em> (LAG KiJu)):<\/p>\n<p><div class=\"ose-youtube ose-uid-65fe7a6ecc99173bd8ccaa800f4c9ee0 ose-embedpress-responsive\" style=\"width:600px; height:550px; max-height:550px; max-width:100%; display:inline-block;\" data-embed-type=\"Youtube\"><iframe loading=\"lazy\" allowFullScreen=\"true\" title=\"Michael Klundt: Soziale Ungleichheit + Auswirkungen auf Kinder\/Jugendliche (Tu was, Hamburg! 4.4.25)\" width=\"600\" height=\"550\" src=\"https:\/\/www.youtube.com\/embed\/RuLJNb23RW0?feature=oembed&color=red&rel=0&controls=1&start=&end=&fs=0&iv_load_policy=0&autoplay=0&mute=0&modestbranding=0&cc_load_policy=1&playsinline=1\" frameborder=\"0\" allow=\"accelerometer; encrypted-media;accelerometer;autoplay;clipboard-write;gyroscope;picture-in-picture clipboard-write; encrypted-media; gyroscope; picture-in-picture; web-share\" referrerpolicy=\"strict-origin-when-cross-origin\" allowfullscreen><\/iframe><\/div><\/p>\n<p><strong>Podiumsdiskussion:<\/strong><br \/>\nWie soll die Kinder- und Jugendhilfe weiterentwickelt werden? Wie gelingt der Ausbau von Beteiligungsm\u00f6glichkeiten und Selbstorganisation Jugendlicher? Wie sehen wirkungsvolle Schritt zur Bek\u00e4mpfung von Kinderarmut aus?<br \/>\nMit: <em>Dr. Dirk Bange<\/em> (Sozialbeh\u00f6rde), <em>Anja Post-Martens<\/em> (VKJH), <em>Ronald Prie\u00df<\/em> (AK Kinder, Jugend und Bildung der Patriotischen Gesellschaft von 1765 e.V.), Katharina Protz (ver.di), <em>Klaus Wicher<\/em> (SOVD), Moderation: <em>Prof. i.R. Dr. Michael Lindenberg<\/em><\/p>\n<p><div class=\"ose-youtube ose-uid-b8b8d0065522a0171f8ed0ab04fbbc47 ose-embedpress-responsive\" style=\"width:600px; height:550px; max-height:550px; max-width:100%; display:inline-block;\" data-embed-type=\"Youtube\"><iframe loading=\"lazy\" allowFullScreen=\"true\" title=\"Podiumsdiskussion: Tu was, Hamburg!-Kinder- und Jugendhilfegipfel (4.4.2025)\" width=\"600\" height=\"550\" src=\"https:\/\/www.youtube.com\/embed\/8JBlMGNxB3c?feature=oembed&color=red&rel=0&controls=1&start=&end=&fs=0&iv_load_policy=0&autoplay=0&mute=0&modestbranding=0&cc_load_policy=1&playsinline=1\" frameborder=\"0\" allow=\"accelerometer; encrypted-media;accelerometer;autoplay;clipboard-write;gyroscope;picture-in-picture clipboard-write; encrypted-media; gyroscope; picture-in-picture; web-share\" referrerpolicy=\"strict-origin-when-cross-origin\" allowfullscreen><\/iframe><\/div><\/p>\n<h3><strong>Pr\u00e4sentationen \/ Vortr\u00e4ge \/ Berichte:<\/strong><\/h3>\n<ul>\n<li style=\"list-style-type: none;\">\n<ul>\n<li>Basement e.V.: &#8222;<a href=\"https:\/\/www.tu-was-hamburg.de\/wp-content\/uploads\/2025\/04\/Praesentation-Basement-Kinder-und-Jugendhilfegipfel-II.pdf\" target=\"_blank\" rel=\"noopener\">Der Prozess zu einem selbstorganisierten und<\/a> <a href=\"https:\/\/www.tu-was-hamburg.de\/wp-content\/uploads\/2025\/04\/Praesentation-Basement-Kinder-und-Jugendhilfegipfel-II.pdf\" target=\"_blank\" rel=\"noopener\">ehrenamtlich gestalteten Jugendcaf\u00e9&#8220;<\/a><\/li>\n<li>Kerstin Kubisch-Piesk: <a href=\"https:\/\/www.tu-was-hamburg.de\/wp-content\/uploads\/2025\/04\/Vortrag_Kerstin_Kubisch-Piesk_4.04.25.pdf\">\u201eEinmischen f\u00fcr die Kinder- und Jugendhilfe und den Kinderschutz\u201c<\/a><\/li>\n<li>Wolfgang Hammer: <a href=\"https:\/\/www.tu-was-hamburg.de\/wp-content\/uploads\/2025\/04\/Hammer-Wolfgang-Warum-wir-nicht-so-weitermachen-duerfen-wie-bisher-4.4.25.pdf\" target=\"_blank\" rel=\"noopener\">&#8222;Warum wir nicht so weitermachen d\u00fcrfen wie bisher! Pl\u00e4doyer f\u00fcr einen Paradigmenwechsel in der Kinder- und Jugendpolitik&#8220;<\/a><\/li>\n<li><a href=\"https:\/\/www.tu-was-hamburg.de\/wp-content\/uploads\/2025\/07\/Bericht_Workshop_Meyer_fin.pdf\" target=\"_blank\" rel=\"noopener\">Bericht aus dem Workshop \u201ePrek\u00e4re Arbeitsbedingungen in der Kinder- und Jugendhilfe und Herausbildung eines gemeinsamen Berufsverst\u00e4ndnisses\u201c<\/a><\/li>\n<li><a href=\"https:\/\/www.tu-was-hamburg.de\/wp-content\/uploads\/2025\/07\/Protokoll-WS3-Jugendhilfegipfel-4.4.25.pdf\">Protokoll Workshop 3: Nachhaltige und vorausschauende Finanzierung vs. Schuldenbremse<\/a><\/li>\n<li>Bericht \u00fcber den Kinder- und Jugendhilfegipfel in der <a href=\"https:\/\/www.patriotische-gesellschaft.de\/system\/files\/document\/PG_Bienenkorb_02_2025_RZ_WEB_250703.pdf\">Juli-Ausgabe des &#8222;Bienenkorb &#8211; Nachrichten aus der Patriotischen Gesellschaft von 1765&#8220;<\/a>, S. 2<\/li>\n<li>Matthias Stein: <em>Tagungsbericht \u201eTu was! Hamburg\u201c<\/em>, in: Gilde Rundbrief 3_2025 auf den Seiten 73-77: <a href=\"https:\/\/doi.org\/10.25366\/2025.152\" target=\"_blank\" rel=\"noopener\">https:\/\/doi.org\/10.25366\/2025.152<\/a><\/li>\n<\/ul>\n<\/li>\n<\/ul>\n<h3><strong>Bericht vom Zweiten Kinder- und Jugendhilfegipfel unter dem Motto \u201eTu was, Hamburg!\u201c am 4.4.25<\/strong><\/h3>\n<p>Am 4. April 2025 hat der 2. Kinder- und Jugendhilfegipfel in Hamburg stattgefunden. Aufgerufen hatte das B\u00fcndnis \u201eTu was, Hamburg!\u201c, bestehend aus diversen Landesarbeitsgemeinschaften und Verb\u00e4nden der Kinder- und Jugendhilfe (LAG KiJu, LAG ASD), den Fachabteilungen der Gewerkschaften ver.di und Gewerkschaft Erziehung und Wissenschaft, Landesverband Hamburg (GEW), dem AK Kinder, Jugend und Bildung der Patriotischen Gesellschaft von 1765, dem Deutschen Berufsverband f\u00fcr Soziale Arbeit (DBSH), dem Sozialverband (SoVD) Hamburg und dem FASD Fachzentrum sowie Einzelpersonen und Einrichtungen aus der gesamten Jugendhilfe.<\/p>\n<p>Auf Einladung des Arbeitskreises Kinder, Jugend und Bildung der Patriotischen Gesellschaft konnte der Gipfel in deren gro\u00dfen und zentral gelegenen R\u00e4umlichkeiten tagen. Erneut war die Veranstaltung sehr gut besucht. \u00dcber den ganzen Tag wurden rund 180 Teilnehmer:innen aus allen Arbeitsfeldern der Kinder- und Jugendhilfe, diverse Vertreter:innen der Sozial- und Fachbeh\u00f6rden sowie Aktive aus Wissenschaft, Gewerkschaften und Politik gez\u00e4hlt.<\/p>\n<p>Vor dem Hintergrund des gegenw\u00e4rtigen massiven Aufr\u00fcstungsprogramms, einer neoliberal gepr\u00e4gten Steuerung der Jugendhilfe und der Fortexistenz der Schuldenbremse werden gegenw\u00e4rtig insbesondere die Bereiche der Sozialen Arbeit\/Jugendhilfe ausgeblutet, die auf Verf\u00fcgungserweiterung und demokratische Pers\u00f6nlichkeitsbildung ausgerichtet sind.<\/p>\n<p>Auf dem 2. Gipfel gab es viel Raum daf\u00fcr, die aktuellen Zuspitzungen zu beraten, zu diskutieren und die auf dem 1. Jugendhilfegipfel im Mai letzten Jahres aufgestellten Forderungen zu diskutieren.<\/p>\n<p>So wurden Ergebnisse von Studien zur \u201eneuen K\u00e4lte in der Jugendhilfe\u201c \u2013 verletzendes Verhalten von Fachkr\u00e4ften aufgrund prek\u00e4rer Arbeitsbedingungen \u2013 und zu den Ursachen und Auswirkungen der Armut von jungen Menschen vorgestellt. Aktive aus selbstorganisierten Vereinen wie First Contact e.V., der mit gefl\u00fcchteten Kindern und Jugendlichen arbeitet, oder Basement e.V. stellten ihre Arbeit vor und forderten besser organisatorische und finanzielle Rahmenbedingungen f\u00fcr ihre wertvolle ehrenamtliche Arbeit. Der Fanladen St. Pauli und das HSV-Fanprojekt diskutierte mit Besch\u00e4ftigten aus der Kinder- und Jugendhilfe und der GEW \u00fcber das Recht auf Zeugnisverweigerung und vereinbarte weitere Kooperation. Der Jugendverband Sozialistische Jugend \u2013 Die Falken stellte Ans\u00e4tze der Friedensp\u00e4dagogik zur Diskussion und machte deutlich, wie relevant internationale Jugendaustausche im Kontext Krieg und Frieden sind und wie prek\u00e4r sich die Rahmenbedingungen daf\u00fcr derzeit darstellen.<\/p>\n<p>Neu war auf dem 2. Kinder- und Jugendhilfegipfel, dass nach der Vertiefung in der Workshopphase eine Vollversammlung der Aktiven stattfand. Dort wurde die Erkl\u00e4rung <a href=\"https:\/\/www.tu-was-hamburg.de\/?page_id=529\">&#8222;Kinder- und Jugendhilfe kann nicht neutral sein &#8211; sie muss sich positionieren! Zum Neutralit\u00e4tsgebot als Disziplinierungsinstrument&#8220;<\/a> verabschiedet \u2013 als Antwort auf die schriftliche kleine Anfrage mit dem Titel \u201ePolitische Neutralit\u00e4t staatlich gef\u00f6rderter Organisationen\u201c der CDU\/CSU-Fraktion.<\/p>\n<p>Auf dieser Grundlage haben wir uns \u00fcber die verschiedenen Aktivit\u00e4ten informiert, die seit Mai 2024 organisiert wurden. Es wurde deutlich, dass die Aktiven vielerorts auf Grundlage ihrer Kritik an der aktuellen Kinder- und Jugendhilfe bzw. ihren Rahmenbedingungen an Alternativen arbeiten. So wurde das Projekt \u201eWohnungen f\u00fcr Stra\u00dfenkinder\u201c vorgestellt und \u00fcber die bisherige Diskussion mit der Sozialbeh\u00f6rde und vielen Interessierten informiert. Mit dem damit verbundenen Konzept eines Wohnungspools soll verhindert werden, dass Jugendliche k\u00fcnftig direkt aus einer Wohngruppe in die Obdachlosigkeit entlassen werden \u2013 wie es bisher h\u00e4ufig der Fall ist \u2013 und soll einen Beitrag zum Ziel der Beendigung von Obdachlosigkeit bis 2030 leisten. Thema war auch die Stadtteilgenossenschaft Horn, die aktuell das Ziel verfolgt, lebensweltfern untergebrachte Kinder und Jugendliche zur\u00fcck in ihren Stadtteil zu holen und dort in Kooperation mit allen Beteiligten f\u00f6rderliche Bedingungen des Aufwachsens zu realisieren. Dieses Vorhaben steht in deutlichem fachlichen Kontrast zu der vom Senat geplanten teilgeschlossenen Einrichtung \u201eCasa Luna\u201c im Hamburger Stadtteil Gro\u00dfborstel.<\/p>\n<p>Der Gipfel endete mit einer Podiumsdiskussion mit Anja Post-Martens vom Verband Kinder- und Jugendarbeit, dem Amtsleiter Dr. Dirk Bange, dem Botschafter f\u00fcr Stra\u00dfenkinder Ronny Prie\u00df, Katharina Protz von ver.di und Klaus Wicher vom SoVD. Zur Debatte stand die Finanzierung der Kinder- und Jugendhilfe, die vielerorts noch nicht einmal den Bestand sichert, sowie die These, dass die Grunds\u00e4tze demokratischer Beteiligung und politischer Bildung der Kinder- und Jugendarbeit richtungsgebend f\u00fcr die gesamte Jugendhilfe sein m\u00fcssen. Das Podium sowie im Weiteren auch das Plenum diskutierte solidarisch und streitbar und sammelte konkrete Vorhaben, die auf den weiteren \u201eTu was, Hamburg!\u201c-Treffen bearbeitet werden sollen. Das B\u00fcndnis \u201eTu was, Hamburg!\u201c fordert weiterhin eine \u00f6ffentliche Anh\u00f6rung \u201eJugendhilfe\u201c im Familienausschuss und wird daf\u00fcr in den n\u00e4chsten Wochen und Monaten Druck machen.<\/p>\n<p>Die Sammlung weiterer Vorhaben und Forderungen findet sich anbei.<\/p>\n<p>Die zentralen Elemente der Veranstaltung wurden aufgezeichnet und werden auf der Seite von \u201eTu Was, Hamburg!\u201c ver\u00f6ffentlicht werden. Medienvertreter:innen von Tide, dem NDR und der Hamburg-Redaktion der taz begleiteten die Veranstaltung und auch bundesweit hat die Tagung Resonanz gefunden.<br \/>\nFestzuhalten ist, dass man f\u00fcr Hamburg durchaus von einer jugendpolitischen Bewegung sprechen kann. Wir werden daran arbeiten, sie weiter auszubauen!<\/p>\n<p>Weitere Ergebnisse:<\/p>\n<ul>\n<li>Es soll weiter an einem gemeinsamen Berufsverst\u00e4ndnis gearbeitet werden. Dazu soll in Kooperationen von Tr\u00e4gern gemeinsame Kompetenz geb\u00fcndelt werden. Neue Modelle von Organisation wie Sozialgenossenschaften sollen aufgebaut und gef\u00f6rdert werden. (Die Sozialgenossenschaft Horn wurde als Beispiel auf dem Gipfel genannt.) Zudem soll es weitere Stadtversammlungen nach dem Vorbild der Versammlung von ver.di am 20. Februar in der Hauptkirche St. Katharinen geben.<\/li>\n<li>Formen der Selbstorganisation von Kinder und Jugendlichen sollen auf der Grundlage des \u00a7 4a SGB VIII auf Antrag verbindlich gef\u00f6rdert werden. Dazu braucht es Budgets f\u00fcr die sieben Bezirke.<\/li>\n<li>Die begonnenen Gespr\u00e4che der Fachbeh\u00f6rde mit dem Verband Kinder- und Jugendarbeit (VKJH) zur Verbesserung der Lage in der Offenen Arbeit sollen in regelm\u00e4\u00dfigen Abst\u00e4nden fortgesetzt werden.<\/li>\n<li>Der Dialog mit der Fachbeh\u00f6rde und den Fachpolitikern soll fortgesetzt werden. Dazu forderten die Anwesenden eine \u00f6ffentliche Anh\u00f6rung im Rathaus, bei der auch die Besch\u00e4ftigten aller Bereiche der Kinder- und Jugendhilfe sowie die Nutzer:innen und Adressat:innen als Expert:innen in eigener Sache zu Wort kommen. Damit erinnerten sie auch an das Versprechen von SPD, CDU, Gr\u00fcnen und Linken, die vor kurzem f\u00fcr die neue Wahlperiode eine solche Veranstaltung \u00f6ffentlich zugesagt hatten. Au\u00dferdem forderten die Anwesenden des Gipfel eine \u00f6ffentliche Vorstellung der Ergebnisse der Umsetzung der 70 Empfehlungen der Enquete-Kommission. Auch diese war auf einer Veranstaltung des Kinderschutzbundes in Wilhelmsburg angek\u00fcndigt worden und hat bisher nicht stattgefunden.<\/li>\n<li>Ein Auswertungstreffen des 2. Gipfels ist vereinbart. Das Netzwerk trifft sich am 15. April 2025 um 18 Uhr an der Uni Hamburg in der Fakult\u00e4t Erziehungswissenschaft (Von-Melle-Park 8) in Raum 06 und freut sich \u00fcber Interessierte.<\/li>\n<\/ul>\n<p>&nbsp;<\/p>\n<h2><strong>Aufruf und Programm<\/strong><\/h2>\n<p><em>\u201eDie gesellschaftliche Lage ist gepr\u00e4gt von einer dramatischen Zunahme sozialer Ungleichheit, welche sich auch auf die Kinder\u2010 und Jugendhilfe auswirkt; die Budgets f\u00fcr Jugendhilfe, Bildung und Soziales stehen unter dem Druck von Schuldenbremse und steigenden Ausgaben f\u00fcr das Milit\u00e4r. Die sozialpolitischen Aufgaben wachsen, doch die Ressourcen fehlen. Nicht zuletzt eine gut ausgebaute und verl\u00e4sslich finanzierte soziale Infrastruktur f\u00fcr Kinder, Jugendliche und Familien ist jedoch essentiell f\u00fcr die Umsetzung der Kinderrechte und die Weiterentwicklung einer demokratischen Gesellschaft.\u201c<\/em><\/p>\n<figure id=\"attachment_507\" aria-describedby=\"caption-attachment-507\" style=\"width: 293px\" class=\"wp-caption alignleft\"><a href=\"https:\/\/www.tu-was-hamburg.de\/wp-content\/uploads\/2025\/03\/Tu-was-Hamburg_A_fin_2025.pdf\" target=\"_blank\" rel=\"noopener\"><img loading=\"lazy\" decoding=\"async\" class=\"wp-image-507 \" src=\"https:\/\/www.tu-was-hamburg.de\/wp-content\/uploads\/2025\/03\/Tu-was-Hamburg_4.4.25_Flyer.jpg\" alt=\"\" width=\"293\" height=\"626\" \/><\/a><figcaption id=\"caption-attachment-507\" class=\"wp-caption-text\"><a href=\"https:\/\/www.tu-was-hamburg.de\/wp-content\/uploads\/2025\/03\/Tu-was-Hamburg_A_fin_2025.pdf\" target=\"_blank\" rel=\"noopener\">Download Einladungs- und Programm-Flyer<\/a><\/figcaption><\/figure>\n<p>So hatten wir als Netzwerk am 3.5.2024 zum Kinder- und Jugendhilfegipfel unter dem Motto \u201eTu was, Hamburg!\u201c <a href=\"https:\/\/www.tu-was-hamburg.de\/wp-content\/uploads\/2024\/04\/Tu-was-Hamburg_A_A4_fin.pdf\" target=\"_blank\" rel=\"noopener\">eingeladen<\/a> und mit \u00fcber 250 Personen \u00fcber die aktuelle Lage und Handlungsm\u00f6glichkeiten f\u00fcr grundlegende Verbesserungen in den verschiedenen Feldern der Jugendhilfe diskutiert.<\/p>\n<p>In der <a href=\"https:\/\/www.tu-was-hamburg.de\/wp-content\/uploads\/2024\/05\/Resolution_Tuwas-Hamburg_A4.pdf\" target=\"_blank\" rel=\"noopener\">verabschiedeten Resolution<\/a> haben wir Forderungen an die Bundesregierung, den Hamburger Senat und weitere politisch Verantwortliche sowie die Kolleg:innen in der Jugendhilfe und alle Hamburger:innen aufgestellt, die hochaktuell geblieben sind, wie: \u201eInvestitionen in den Sozialstaat statt f\u00fcr Militarisierung\u201c, die \u201eUmverteilung des gesellschaftlichen Reichtums und die Bek\u00e4mpfung von Kinderarmut und jugendlicher Wohnungslosigkeit\u201c! F\u00fcr eine neue Handlungslogik: Menschen statt Kennzahlen! \u201eKeine versteckten oder direkten K\u00fcrzungen in der Kinder- und Jugendhilfe\u201c, sondern mindestens eine Verdopplung des Etats f\u00fcr die Offene Kinder- und Jugendarbeit, die Familienf\u00f6rderung und die Jugendsozialarbeit!<\/p>\n<p>Seitdem haben wir eine ganze Reihe von Veranstaltungen begleitet und selbst organisiert, Forderungspapiere in Bezug auf den OKJA- und Kita-Bereich unterst\u00fctzt, den Familienausschuss besucht und eine \u00f6ffentliche Anh\u00f6rung gefordert, neue Finanzierungsmodelle in der Jugendhilfe (wie Sozialgenossenschaften) diskutiert und mit einem <a href=\"https:\/\/www.tu-was-hamburg.de\/wp-content\/uploads\/2025\/01\/Housing-First-Eckpunktepapier-Wohnungen-fuer-Strassenkinder-2024_layout_12.01.25.pdf\" target=\"_blank\" rel=\"noopener\">Eckpunktepapier<\/a> in Kooperation mit der Sozialbeh\u00f6rde konkrete Schritte zur \u00dcberwindung von Obdachlosigkeit junger Menschen angeschoben.<\/p>\n<p>Die politische Polarisierung nimmt gegenw\u00e4rtig zu und die Frage, in welche Richtung sich die Gesellschaft entwickelt, steht versch\u00e4rft zur Debatte. In dieser Lage kommt es auf das Handeln aller an, die an einer demokratischen Entwicklung der Gesellschaft interessiert sind!<\/p>\n<p>Die Kinder- und Jugendhilfe hat laut \u00a7 1, Abs. 3, Satz 5 SGB VIII den Auftrag, sich in andere Politikfelder zur Schaffung einer kinder- und familiengerechten Umwelt einzumischen. Diesen Auftrag wollen wir als Netzwerk weiter mit Leben f\u00fcllen und gemeinsam Ansatzpunkte daf\u00fcr in allen Feldern der Jugendhilfe ausmachen: in der Kita, in der Offenen Kinder- und Jugendarbeit, in der Jugendverbandsarbeit, in der Familienf\u00f6rderung, den Hilfen zur Erziehung, in den Jugendhilfeaussch\u00fcssen und Stadtteilkonferenzen, lokalen AG 78 und dar\u00fcber hinaus in neuen Formaten der Selbstorganisation wie Stadt(teil)versammlungen&#8230;<\/p>\n<p>Der Kinder\u2010 und Jugendhilfegipfel soll an die aktuellen Debatten ankn\u00fcpfen und dazu beitragen, sich zu vernetzen, auszutauschen und gemeinsame Handlungsperspektiven zu entwickeln. Es braucht sowohl die entsprechenden finanziellen Ressourcen f\u00fcr eine ausk\u00f6mmlich ausgestattete Kinder\u2010 und Jugendhilfe als auch einen gemeinsamen l\u00f6sungsorientierten Diskurs f\u00fcr eine demokratische und emanzipatorische Ausgestaltung. Daran wollen wir gemeinsam weiter arbeiten!<\/p>\n<h2>Programm<\/h2>\n<h3><strong>9:00 Uhr Ankommen <\/strong><\/h3>\n<h3><strong>9:30 Uhr <\/strong><strong>Er\u00f6ffnung <\/strong><strong>und Vorstellung der Workshops<\/strong><\/h3>\n<p>Begr\u00fc\u00dfung: Helga Tree\u00df (Arbeitskreis Kinder, Jugend und Bildung der Patriotischen Gesellschaft von 1765 e.V.)<\/p>\n<h3><strong>10:15 &#8211; 11:45 Uhr Workshops<\/strong><\/h3>\n<p><strong>1.) Prek\u00e4re Arbeitsbedingungen in der Kinder- und Jugendhilfe und <\/strong><strong>Herausbildung eines gemeinsamen Berufsverst\u00e4ndnisses<br \/>\n<\/strong>Prof. Dr. Nikolaus Meyer (Uni Fulda), Kerstin Kubisch-Piesk (BAG ASD)<br \/>\nModeration: Elke Wolfram-L\u00fctjohann (Fachvorstand EBSA ver.di Hamburg) und Ronald Prie\u00df (AK Kinder, Jugend und Bildung der Patriotischen Gesellschaft von 1765 e.V.)<\/p>\n<p><strong>2.) Die Versch\u00e4rfung der sozialen Ungleichheit und Auswirkungen auf das Aufwachsen von Kindern und Jugendlichen<br \/>\n<\/strong>Prof. Dr. Michael Klundt (Hochschule Magdeburg-Stendal)<br \/>\nModeration: Matthias Stein (LAG KiJu)<\/p>\n<p><strong>3.) Nachhaltige und vorausschauende Finanzierung vs. Schuldenbremse<br \/>\n<\/strong>Dr. Wolfgang Hammer (freiberuflicher Soziologe und Fachautor)<br \/>\nModeration: Andreas Scheibner (Sozialratschlag)<\/p>\n<p><strong>4.) Verwirklichung der Kinderrechte und von Selbstorganisation in der Praxis<\/strong><strong> \u2013 Jugendarbeit von Jugendlichen mit Jugendlichen<br \/>\n<\/strong>Kinderrechteb\u00fcro und Basement e.V.\/Jugendcaf\u00e9<br \/>\nModeration: Vera Koritensky (VKJH)<\/p>\n<p><strong>5.) &#8222;Kriegst\u00fcchtig&#8220; werden? F\u00fcr den Ausbau von Friedensp\u00e4dagogik in der Jugendverbandsarbeit und an Schulen!<br \/>\n<\/strong>Helen Vogel (SJD &#8211; Die Falken Hamburg)<br \/>\nModeration: Raoul Klein (FSR Soziale Arbeit),\u00a0 Florian Muhl (AKS Hamburg)<\/p>\n<p><strong>6.) F\u00fcr die Einf\u00fchrung eines Zeugnisverweigerungsrechtes in der Sozialen Arbeit<br \/>\n<\/strong>Julian Einfeldt (Fanladen St. Pauli), Ole Schmieder (HSV-Fanprojekt)<br \/>\nModeration: Varsenik Vardanyan (GEW, Fachreferentin im AB Tarif &amp; Kinder- und Jugendhilfe) und Volker V\u00f6disch (LAG Kindheit und Jugend)<\/p>\n<h3><strong>11:45 &#8211; 12:00 Uhr Pause<\/strong><\/h3>\n<h3><strong>12:00 &#8211; 13:00 Uhr Vollversammlung <\/strong>(Diskussion und Verabredungen zur Umsetzung der Resolution)<\/h3>\n<p>Moderation: Burkhard Plemper (Soziologe und Journalist)<\/p>\n<h3><strong>13:00 &#8211; 14:00 Uhr Mittagspause<\/strong><\/h3>\n<h3><strong>14:00 &#8211; 16:00 Uhr Podiumsdiskussion<\/strong><\/h3>\n<p>Wie soll die Kinder- und Jugendhilfe weiterentwickelt werden? Wie gelingt der Ausbau von Beteiligungsm\u00f6glichkeiten und Selbstorganisation Jugendlicher? Wie sehen wirkungsvolle Schritt zur Bek\u00e4mpfung von Kinderarmut aus?<\/p>\n<p>Mit: Dr. Dirk Bange (Sozialbeh\u00f6rde), Anja Post-Martens (VKJH), Ronald Prie\u00df, Klaus Wicher (SOVD)\u00a0u.a.<br \/>\nModeration: Prof. i.R. Dr. Michael Lindenberg<\/p>\n<h3>Anmeldung bis 2.4.25 \u00fcber <a href=\"https:\/\/www.patriotische-gesellschaft.de\/veranstaltungen\/tu-was-hamburg-kinder-und-jugendhilfegipfel-ii-2025\" target=\"_blank\" rel=\"noopener\">https:\/\/www.patriotische-gesellschaft.de\/veranstaltungen<\/a><\/h3>\n","protected":false},"excerpt":{"rendered":"<p>Dokumentation Aufzeichnungen Er\u00f6ffnung des Tu was, Hamburg!-Kinder- und Jugendhilfegipfels am 4.4.2025 durch Fabienne von Hohenthal und Sinah Mielich: Input von Prof. Dr. Michael Klundt (Hochschule Magdeburg-Stendal) zum Thema &#8222;Die Versch\u00e4rfung der sozialen Ungleichheit und Auswirkungen auf das Aufwachsen von Kindern und Jugendlichen&#8220; (Moderation: Matthias Stein (LAG KiJu)): Podiumsdiskussion: Wie soll<\/p>\n","protected":false},"author":1,"featured_media":0,"parent":0,"menu_order":0,"comment_status":"closed","ping_status":"closed","template":"","meta":{"footnotes":""},"class_list":["post-503","page","type-page","status-publish","hentry"],"_links":{"self":[{"href":"https:\/\/www.tu-was-hamburg.de\/index.php?rest_route=\/wp\/v2\/pages\/503","targetHints":{"allow":["GET"]}}],"collection":[{"href":"https:\/\/www.tu-was-hamburg.de\/index.php?rest_route=\/wp\/v2\/pages"}],"about":[{"href":"https:\/\/www.tu-was-hamburg.de\/index.php?rest_route=\/wp\/v2\/types\/page"}],"author":[{"embeddable":true,"href":"https:\/\/www.tu-was-hamburg.de\/index.php?rest_route=\/wp\/v2\/users\/1"}],"replies":[{"embeddable":true,"href":"https:\/\/www.tu-was-hamburg.de\/index.php?rest_route=%2Fwp%2Fv2%2Fcomments&post=503"}],"version-history":[{"count":6,"href":"https:\/\/www.tu-was-hamburg.de\/index.php?rest_route=\/wp\/v2\/pages\/503\/revisions"}],"predecessor-version":[{"id":630,"href":"https:\/\/www.tu-was-hamburg.de\/index.php?rest_route=\/wp\/v2\/pages\/503\/revisions\/630"}],"wp:attachment":[{"href":"https:\/\/www.tu-was-hamburg.de\/index.php?rest_route=%2Fwp%2Fv2%2Fmedia&parent=503"}],"curies":[{"name":"wp","href":"https:\/\/api.w.org\/{rel}","templated":true}]}}