{"id":18,"date":"2024-03-08T20:38:15","date_gmt":"2024-03-08T19:38:15","guid":{"rendered":"https:\/\/tu-was-hamburg.de\/?page_id=18"},"modified":"2025-10-24T10:48:50","modified_gmt":"2025-10-24T08:48:50","slug":"kinder-und-jugendhilfegipfel-3-5-24","status":"publish","type":"page","link":"https:\/\/www.tu-was-hamburg.de\/?page_id=18","title":{"rendered":"Kinder- und Jugendhilfegipfel (3.5.24)"},"content":{"rendered":"<figure id=\"attachment_55\" aria-describedby=\"caption-attachment-55\" style=\"width: 215px\" class=\"wp-caption alignleft\"><a href=\"https:\/\/www.tu-was-hamburg.de\/wp-content\/uploads\/2024\/04\/Tu-was-Hamburg_A_A4_fin.pdf\" target=\"_blank\" rel=\"noopener\"><img loading=\"lazy\" decoding=\"async\" class=\"wp-image-55\" src=\"https:\/\/www.tu-was-hamburg.de\/wp-content\/uploads\/2024\/04\/Tu-was-Hamburg_3.5.24.jpg\" alt=\"\" width=\"215\" height=\"456\" \/><\/a><figcaption id=\"caption-attachment-55\" class=\"wp-caption-text\"><a href=\"https:\/\/www.tu-was-hamburg.de\/wp-content\/uploads\/2024\/04\/Tu-was-Hamburg_A_A4_fin.pdf\" target=\"_blank\" rel=\"noopener\">Download Programm-Flyer (PDF)<\/a><\/figcaption><\/figure>\n<h3><strong>Update vom 7.5.2024:<\/strong><\/h3>\n<figure id=\"attachment_126\" aria-describedby=\"caption-attachment-126\" style=\"width: 300px\" class=\"wp-caption alignright\"><a href=\"https:\/\/www.tu-was-hamburg.de\/wp-content\/uploads\/2024\/05\/Auftakt_des_Tu-Was-HH-KiJu-Gipfels_3.5.24.jpg\"><img loading=\"lazy\" decoding=\"async\" class=\"wp-image-126 size-medium\" src=\"https:\/\/www.tu-was-hamburg.de\/wp-content\/uploads\/2024\/05\/Auftakt_des_Tu-Was-HH-KiJu-Gipfels_3.5.24.jpg\" alt=\"\" width=\"300\" height=\"200\" \/><\/a><figcaption id=\"caption-attachment-126\" class=\"wp-caption-text\">Begr\u00fc\u00dfung zu Beginn des Tu was, Hamburg!-Kinder- und Jugendhilfegipfels am 3.5.24<\/figcaption><\/figure>\n<p>Mehr als 200 Personen aus allen Arbeitsfeldern der Jugendhilfe, diverse Vertreter:innen der Sozial- und Fachbeh\u00f6rden sowie Aktive aus Wissenschaft, Gewerkschaften und Politik nahmen am Kinder- und Jugendhilfegipfel \u201eTu was, Hamburg!\u201c an der HAW Hamburg teil. Auch bundesweit hat die Tagung Resonanz gefunden. Am 7.5.2024 haben wir die <a href=\"https:\/\/www.tu-was-hamburg.de\/wp-content\/uploads\/2024\/05\/PM-Kinder-und-Jugendgipfel-20240507.pdf\" target=\"_blank\" rel=\"noopener\"><strong>Presseerkl\u00e4rung<\/strong> \u201eAufbruchstimmung in Hamburg\u201c<\/a> ver\u00f6ffentlicht. Die von den Teilnehmenden des Gipfels verabschiedete Resolution ist hier abrufbar:\u00a0<a href=\"https:\/\/www.tu-was-hamburg.de\/wp-content\/uploads\/2024\/05\/Resolution-Kinder-und-Jugendgipfel-20240507.pdf\" target=\"_blank\" rel=\"noopener\"><strong>Resolution<\/strong> des \u201eTu was, Hamburg!\u201c-Kinder- und Jugendhilfegipfels am 3. Mai 2024<\/a><br \/>\nIn einer gestalteten Fassung ist sie hier abrufbar: <a href=\"https:\/\/www.tu-was-hamburg.de\/wp-content\/uploads\/2024\/05\/Resolution_Tuwas-Hamburg_A4.pdf\" target=\"_blank\" rel=\"noopener\"><strong>Resolution gestaltet<\/strong> A4 (PDF)<\/a><\/p>\n<p>Die <strong><a href=\"https:\/\/www.tu-was-hamburg.de\/?page_id=112\">Dokumentation der Vortr\u00e4ge<\/a><\/strong> ist nun ebenfalls hier abrufbar.<\/p>\n<h3><strong>Einladung zum Kinder- und Jugendhilfegipfel:<\/strong><\/h3>\n<p>Das Netzwerk \u201eTu was, Hamburg!\u201c l\u00e4dt alle Interessierten zum Kinder- und Jugendhilfegipfel am 3. Mai 2024 ein. Wir verstehen dies als Auftakt zu weiteren Veranstaltungen.<\/p>\n<p>Im Netzwerk \u201eTu was, Hamburg!\u201c haben sich im September 2023 viele Akteur*innen der Jugendhilfe in Hamburg zusammengeschlossen. Wir wollen gemeinsam einen gesellschafts- und sozialpolitischen Prozess ansto\u00dfen, der f\u00fcr grundlegende Verbesserungen in der Kinder- und Jugendhilfe sorgt. Der Kinder- und Jugendhilfegipfel soll dazu beitragen, sich zu vernetzen, auszutauschen und gemeinsame Handlungsperspektiven zu entwickeln.<\/p>\n<p>Die aktuelle gesellschaftliche Lage ist gepr\u00e4gt von einer dramatischen Zunahme sozialer Ungleichheit; die Budgets f\u00fcr Jugendhilfe, Bildung und Soziales stehen unter dem Druck von Schuldenbremse und steigenden Ausgaben f\u00fcr das Milit\u00e4r. Die sozialpolitischen Aufgaben wachsen, doch die Ressourcen fehlen. Nicht zuletzt eine gut ausgebaute und verl\u00e4sslich finanzierte soziale Infrastruktur f\u00fcr Kinder, Jugendliche und Familien ist jedoch essentiell f\u00fcr die Umsetzung der Kinderrechte und die Weiterentwicklung einer demokratischen Gesellschaft.<\/p>\n<p>Im vergangenen Jahr haben wir uns daher mit der Erkl\u00e4rung \u201eTu was, Hamburg!\u201c an die \u00d6ffentlichkeit gewandt und festgestellt: Die Bedingungen in den verschiedenen Arbeitsfeldern der Jugendhilfe \u2013 von der Offenen Kinder- und Jugendarbeit \u00fcber die Familienf\u00f6rderung bis hin zum Kinder- und Jugendnotdienst \u2013 sind gegenw\u00e4rtig vielfach gekennzeichnet durch \u00dcberlastung, Personal- und Stellenmangel, hohe Personalfluktuation und hohen Krankenstand, strukturelle Unterfinanzierung, fremdbestimmte Arbeitsverdichtung, \u00fcberm\u00e4\u00dfigen Kontrolldruck und eine inhaltliche Ausrichtung auf Effizienz und Anpassung.<br \/>\nUm diese Bedingungen zu ver\u00e4ndern, braucht es sowohl finanzielle Ressourcen f\u00fcr eine ausk\u00f6mmlich ausgestattete Kinder- und Jugendhilfe als auch einen gemeinsamen l\u00f6sungsorientierten Diskurs \u00fcber die inhaltliche Ausgestaltung der Praxis Sozialer Arbeit im Handlungsfeld der Kinder- und Jugendhilfe.<\/p>\n<p>Unser Anliegen ist es, zu beraten, wie wir uns hier und jetzt gemeinsam wirksam engagieren k\u00f6nnen:<\/p>\n<ul>\n<li>f\u00fcr eine Soziale Arbeit, die im Sinne ihrer internationalen Definition durch die International Federation of Social Workers (IFSW) auf den Prinzipien sozialer Gerechtigkeit, Menschenrechte, gemeinsamer Verantwortung und Achtung der Vielfalt fu\u00dft, statt ihrer Entwertung durch zunehmende De-Professionalisierung<\/li>\n<li>f\u00fcr die Umsetzung der UN-Kinderrechtskonvention und damit die Bek\u00e4mpfung von Kinderarmut und die Schaffung von Bildungsgleichheit<\/li>\n<li>f\u00fcr die Durchsetzung und Sicherstellung einer umfassenden Beteiligung von Kindern und Jugendlichen an den sie betreffenden Belangen, f\u00fcr Demokratiebildung gegen rechts<\/li>\n<li>f\u00fcr einen Ausbau und f\u00fcr Qualit\u00e4tsverbesserungen der Bildungs- und Betreuungsangebote in der Kindertagesbetreuung<\/li>\n<li>f\u00fcr die \u00dcberwindung neoliberaler \u00d6konomisierung der Jugendhilfe (Menschen statt Kennzahlen)<\/li>\n<li>f\u00fcr eine verl\u00e4ssliche Finanzierung und den bedarfsgerechten Ausbau von Einrichtungen der offenen Kinder- und Jugendarbeit, Familienzentren und Freizeitangeboten sowie die F\u00f6rderung verbandlicher Jugendarbeit<\/li>\n<li>f\u00fcr eine \u00dcberwindung von freiheitsentziehenden Ma\u00dfnahmen und geschlossener Unterbringung von Kindern und Jugendlichen<\/li>\n<li>f\u00fcr mehr offene, inklusive, barrierefreie und niedrigschwellige Zug\u00e4nge zu p\u00e4dagogischen und sozialen Einrichtungen und Institutionen<\/li>\n<li>f\u00fcr wirksame Ma\u00dfnahmen zur \u00dcberwindung jugendlicher Wohnungslosigkeit.<\/li>\n<\/ul>\n<p>Wir laden Euch und Sie zum Kinder- und Jugendhilfegipfel des Netzwerks \u201eTu was, Hamburg!\u201c ein.<\/p>\n<p>Die <strong>Auftaktveranstaltung<\/strong> mit Vortr\u00e4gen, Workshops und Diskussionen zu fachlichen Perspektiven findet am <strong>Freitag, 03.05.2024 von 09:00 \u2013 18:00 Uhr<\/strong> in den R\u00e4umen der Hochschule f\u00fcr Angewandte Wissenschaft (HAW) Alexanderstra\u00dfe 1, 20099 Hamburg, statt.<\/p>\n<p>Bei Interesse bitten wir um <strong>Anmeldung<\/strong> unter: <a href=\"mailto:tu-was-hamburg@gmx.de\">tu-was-hamburg@gmx.de<\/a>.<\/p>\n<p style=\"text-align: center;\"><a href=\"https:\/\/www.tu-was-hamburg.de\/wp-content\/uploads\/2024\/04\/Tu-was-Hamburg_A_A4_fin.pdf\" target=\"_blank\" rel=\"noopener\"><strong>Der Einladungs-Flyer ist jetzt hier als PDF-Dokument abrufbar.<\/strong><\/a><\/p>\n<p><b>Unterst\u00fctzt von: <\/b>AK Kindheit, Jugend und Bildung der Patriotischen Gesellschaft von 1765 e.V.; Arbeitskreis Kritische Soziale Arbeit Hamburg; DBSH Landesverband Hamburg; Fachschaftsrat (FSR) Soziale Arbeit; Gewerkschaft Erziehung und Wissenschaft (GEW) Hamburg; International solidarisch &#8211; Schluss mit Austerit\u00e4t; LAG ASD Hamburg; LAG KiJu in der LINKEN Hamburg; Sozialverband Deutschland Landesverband Hamburg; ver.di Hamburg, Fachvorstand Erziehung, Bildung und Soziale Arbeit<\/p>\n<h2><b>Programm<\/b><\/h2>\n<p><b>9:00 Uhr Ankommen<\/b><\/p>\n<p><b>9:30 Uhr Begr\u00fc\u00dfung und Er\u00f6ffnung<\/b><\/p>\n<p><b>10:00 Uhr Kinderrechte zwischen Anspruch und Umsetzung \u2010 Warum das Vorrangprinzip der UN\u2010Kinderrechtskonvention unverzichtbar ist und was wir in Deutschland und Hamburg noch tun m\u00fcssen<\/b><br \/>\n<i>Dr. Wolfgang Hammer (freiberuflicher Soziologe und Fachautor)<\/i><\/p>\n<p><b>10:45 Uhr Wer hilft noch \u2010 Bevor das Kind in den Brunnen f\u00e4llt? Jugendhilfe unter Druck<\/b><br \/>\n<i>Dr. Elke Alsago (Leiterin der Bundesfachgruppe Erziehung, Bildung und Soziale Arbeit von ver.di)<\/i><\/p>\n<p><b>11:30 \u2013 11:45 Uhr Pause<\/b><\/p>\n<p><b><u>11:45 \u2013 13:00 Uhr Workshops \/ Diskussionsforen<\/u><\/b><\/p>\n<p><b>1.) Die Enquete\u2010Kommission &#8222;Kinderschutz und Kinderrechte st\u00e4rken&#8220; \u2010 Zwei Jahre intensiver Arbeit, was bleibt \u00fcbrig?<\/b><br \/>\n<i>Dr. Wolfgang Hammer, Matthias Stein (LAG ASD, LAG KiJu)<\/i><br \/>\nModeration: <i>Prof Dr. Jack Weber (HAW Hamburg)<\/i><\/p>\n<p><b>2.) Selbstorganisation und Interessenvertretung von Adressat:innen und Besch\u00e4ftigten der Heimerziehung<\/b><br \/>\n<i>Prof. Dr. Zoe Clark (Universit\u00e4t Siegen)<\/i><br \/>\nModeration:<i> Prof. Dr. Tilman Lutz (HAW Hamburg)<\/i><\/p>\n<p><b>3.) Zur Umsetzung der Kinderrechte in der Kinder\u2010 und Jugendhilfe<\/b><br \/>\n<i>Maxie Schick, Ulrike Minar <\/i>(Kinder\u2010 und Jugendrechteb\u00fcro des Kinderschutzbunds)<\/p>\n<p><b>4.) Zur aktuellen Lage der Kinder\u2010 und Jugendhilfe angesichts von Fachkr\u00e4ftemangel und Deprofessionalisierung. F\u00fcr ein gemeinsames Berufsverst\u00e4ndnis!<\/b><br \/>\n<i>Dr. Elke Alsago, Elke Wolfram (ver.di)<\/i><br \/>\nModeration:<i> Ronald Prie\u00df (LAG KiJu)<\/i><\/p>\n<p><b>13:00 \u2013 14:00 Uhr Mittagspause<\/b><\/p>\n<p><b>14:00 Uhr Verwirklichung des Bildungsauftrags in der Kinder\u2010 und Jugendhilfe \u2010 Politische Bildung und Demokratiebildung in der (Offenen) Kinder\u2010 und Jugendarbeit<\/b><br \/>\n<i>Moritz Schwerthelm (Universit\u00e4t Hamburg)<\/i><\/p>\n<p><b>14:45 Uhr Deutschland im Krisenmodus. Armut, Versch\u00e4rfung der sozialen Ungleichheit und Diskriminierung von Minderheiten<\/b><br \/>\n<i>Prof. Dr. Christoph Butterwegge (Universit\u00e4t K\u00f6ln)<\/i><\/p>\n<p><b><u>15:30 \u2013 16:30 Uhr Workshops \/ Diskussionsforen<\/u><\/b><\/p>\n<p><b>5.) Zu den M\u00f6glichkeiten und Herausforderungen der Jugendverbandsarbeit in der aktuellen Lage<\/b><br \/>\n<i>Fatih Ayano\u011flu (Gesch\u00e4ftsf\u00fchrer Landesjugendring Hamburg)<\/i><\/p>\n<p><b>6.) Politische Bildung in der Kinder\u2010 und Jugendhilfe er\u00f6ffnen \u2013 Praktische Ans\u00e4tze aus der Offenen Kinder\u2010 und Jugendarbeit<\/b><br \/>\n<i>Moritz Schwerthelm<\/i><br \/>\nModeration: <i>Volker Voedisch (LAG KiJu), Fabienne von Hohenthal (VKJH)<\/i><\/p>\n<p><b>7.) Handlungsm\u00f6glichkeiten angesichts von Armut, Versch\u00e4rfung der sozialen Ungleichheit und Diskriminierung von Minderheiten<\/b><br \/>\n<i>Prof. Dr. Christoph Butterwegge<\/i><br \/>\nModeration: <i>Florian Muhl (AKS Hamburg)<\/i><\/p>\n<p><b>8.) OKJA, Jugendsozialarbeit, sozialr\u00e4umliche Angebote (SAE) und Familienf\u00f6rderung in Hamburg: Prek\u00e4r und unterfinanziert!? \u2013 Was tun?<\/b><br \/>\n<i>Heinz Br\u00fcndel (JHA Altona, PFIFF e.V.), Karl\u2010Heinz Faschinka (Sozialratschlag)<\/i><br \/>\nModeration: <i>Andreas Scheibner (ver.di)<\/i><\/p>\n<p><b>16:30 \u2013 17:00 Uhr Kaffeepause<\/b><\/p>\n<p><b>17:00 Abschlussdiskussion und Resolution \u2013 N\u00e4chste Schritte f\u00fcr die Organisierung und weitere Arbeit<\/b><br \/>\n<i>Klaus Wicher (SOVD), Elke Wolfram (ver.di), Vertreter:in des VKJH, Sinah Mielich (AKS Hamburg), Matthias Stein (LAG KiJu, LAG ASD) u.a.<\/i><br \/>\nModeration: <i>Prof. Dr. Michael Lindenberg<\/i><\/p>\n<p><b>18:15 \u2013 20:00 Uhr Ausklang<\/b><\/p>\n","protected":false},"excerpt":{"rendered":"<p>Update vom 7.5.2024: Mehr als 200 Personen aus allen Arbeitsfeldern der Jugendhilfe, diverse Vertreter:innen der Sozial- und Fachbeh\u00f6rden sowie Aktive aus Wissenschaft, Gewerkschaften und Politik nahmen am Kinder- und Jugendhilfegipfel \u201eTu was, Hamburg!\u201c an der HAW Hamburg teil. Auch bundesweit hat die Tagung Resonanz gefunden. Am 7.5.2024 haben wir die<\/p>\n","protected":false},"author":1,"featured_media":0,"parent":0,"menu_order":0,"comment_status":"closed","ping_status":"closed","template":"","meta":{"footnotes":""},"class_list":["post-18","page","type-page","status-publish","hentry"],"_links":{"self":[{"href":"https:\/\/www.tu-was-hamburg.de\/index.php?rest_route=\/wp\/v2\/pages\/18","targetHints":{"allow":["GET"]}}],"collection":[{"href":"https:\/\/www.tu-was-hamburg.de\/index.php?rest_route=\/wp\/v2\/pages"}],"about":[{"href":"https:\/\/www.tu-was-hamburg.de\/index.php?rest_route=\/wp\/v2\/types\/page"}],"author":[{"embeddable":true,"href":"https:\/\/www.tu-was-hamburg.de\/index.php?rest_route=\/wp\/v2\/users\/1"}],"replies":[{"embeddable":true,"href":"https:\/\/www.tu-was-hamburg.de\/index.php?rest_route=%2Fwp%2Fv2%2Fcomments&post=18"}],"version-history":[{"count":1,"href":"https:\/\/www.tu-was-hamburg.de\/index.php?rest_route=\/wp\/v2\/pages\/18\/revisions"}],"predecessor-version":[{"id":631,"href":"https:\/\/www.tu-was-hamburg.de\/index.php?rest_route=\/wp\/v2\/pages\/18\/revisions\/631"}],"wp:attachment":[{"href":"https:\/\/www.tu-was-hamburg.de\/index.php?rest_route=%2Fwp%2Fv2%2Fmedia&parent=18"}],"curies":[{"name":"wp","href":"https:\/\/api.w.org\/{rel}","templated":true}]}}